{"id":11456,"date":"2021-08-10T00:07:56","date_gmt":"2021-08-09T22:07:56","guid":{"rendered":"https:\/\/www.artsgraphiques.net\/?page_id=11456"},"modified":"2021-08-10T00:07:57","modified_gmt":"2021-08-09T22:07:57","slug":"site-securise","status":"publish","type":"page","link":"https:\/\/www.artsgraphiques.net\/en\/site-securise\/","title":{"rendered":"Secure site"},"content":{"rendered":"<p>Le site Artsgraphiques.net est v\u00e9rifi\u00e9 SSL ! Cela veut dire que toutes les informations communiqu\u00e9es entre les serveurs de Artsgraphiques.net et votre ordinateur, tablette tactile ou smartphone sont crypt\u00e9es. Autrement dit vos donn\u00e9es sont prot\u00e9g\u00e9es de l\u2019interception de tiers.<\/p>\n\n\n\n<p>Le \u00ab HTTPS \u00bb (ou cadenas vert dans la barre de recherche de votre navigateur web) sur notre site Artsgraphiques.net montre que le cryptage est actif.<\/p>\n\n\n\n<p>Vous pouvez v\u00e9rifier vous-m\u00eame le certificat SSL de notre site, il suffit de\u00a0<a href=\"https:\/\/www.sslshopper.com\/ssl-checker.html#hostname=https:\/\/www.artsgraphiques.net\" target=\"_blank\" rel=\"noreferrer noopener nofollow\">cliquer ici<\/a>.<\/p>","protected":false},"excerpt":{"rendered":"<p>Le site Artsgraphiques.net est v\u00e9rifi\u00e9 SSL ! Cela veut dire&hellip;<\/p>\n<p> <a class=\"more-link\" href=\"https:\/\/www.artsgraphiques.net\/en\/site-securise\/\">Read more<\/a><\/p>","protected":false},"author":1,"featured_media":0,"parent":0,"menu_order":0,"comment_status":"closed","ping_status":"closed","template":"","meta":{"footnotes":""},"class_list":["post-11456","page","type-page","status-publish"],"aioseo_notices":[],"_links":{"self":[{"href":"https:\/\/www.artsgraphiques.net\/en\/wp-json\/wp\/v2\/pages\/11456","targetHints":{"allow":["GET"]}}],"collection":[{"href":"https:\/\/www.artsgraphiques.net\/en\/wp-json\/wp\/v2\/pages"}],"about":[{"href":"https:\/\/www.artsgraphiques.net\/en\/wp-json\/wp\/v2\/types\/page"}],"author":[{"embeddable":true,"href":"https:\/\/www.artsgraphiques.net\/en\/wp-json\/wp\/v2\/users\/1"}],"replies":[{"embeddable":true,"href":"https:\/\/www.artsgraphiques.net\/en\/wp-json\/wp\/v2\/comments?post=11456"}],"version-history":[{"count":1,"href":"https:\/\/www.artsgraphiques.net\/en\/wp-json\/wp\/v2\/pages\/11456\/revisions"}],"predecessor-version":[{"id":11457,"href":"https:\/\/www.artsgraphiques.net\/en\/wp-json\/wp\/v2\/pages\/11456\/revisions\/11457"}],"wp:attachment":[{"href":"https:\/\/www.artsgraphiques.net\/en\/wp-json\/wp\/v2\/media?parent=11456"}],"curies":[{"name":"wp","href":"https:\/\/api.w.org\/{rel}","templated":true}]}}