{"id":11606,"date":"2022-01-30T17:35:05","date_gmt":"2022-01-30T16:35:05","guid":{"rendered":"https:\/\/www.artsgraphiques.net\/produit\/poster-calanques-de-cassis-eau-bleu-turquoise-pins\/"},"modified":"2025-12-20T07:08:45","modified_gmt":"2025-12-20T06:08:45","slug":"poster-calanques-de-cassis-eau-bleu-turquoise-pins","status":"publish","type":"product","link":"https:\/\/www.artsgraphiques.net\/en\/product\/poster-calanques-de-cassis-eau-bleu-turquoise-pins\/","title":{"rendered":"Poster Calanques de Cassis, Eau bleu turquoise, Pins"},"content":{"rendered":"<p>Magnifique poster des Calanques de Cassis avec son eau bleu turquoise et ses pins.<\/p>\n<p>Poster de qualit\u00e9 imprim\u00e9 sur un papier mat \u00e9pais et durable. Chaque poster est imprim\u00e9 en gicl\u00e9e sur un papier non-acide qui donne des impressions lumineuses pour \u00e9gayer n&rsquo;importe quelle pi\u00e8ce.<\/p>\n<p>\u2022 \u00c9paisseur du papier\u00a0: 10,3 mil<br \/>\n\u2022 Poids du papier\u00a0: 192\u00a0g\/m\u00b2 (5,6 oz\/y\u00b2)<br \/>\n\u2022 Qualit\u00e9 d\u2019impression gicl\u00e9e<br \/>\n\u2022 Opacit\u00e9\u00a0: 94\u00a0%<\/p>","protected":false},"excerpt":{"rendered":"<p>Magnifique poster des Calanques de Cassis avec son eau bleu&hellip;<\/p>\n<p> <a class=\"more-link\" href=\"https:\/\/www.artsgraphiques.net\/en\/product\/poster-calanques-de-cassis-eau-bleu-turquoise-pins\/\">Read more<\/a><\/p>","protected":false},"featured_media":11617,"comment_status":"open","ping_status":"closed","template":"","meta":[],"product_brand":[],"product_cat":[600],"product_tag":[],"class_list":{"0":"post-11606","1":"product","2":"type-product","3":"status-publish","4":"has-post-thumbnail","6":"product_cat-france","8":"first","9":"instock","10":"shipping-taxable","11":"purchasable","12":"product-type-variable"},"aioseo_notices":[],"_links":{"self":[{"href":"https:\/\/www.artsgraphiques.net\/en\/wp-json\/wp\/v2\/product\/11606","targetHints":{"allow":["GET"]}}],"collection":[{"href":"https:\/\/www.artsgraphiques.net\/en\/wp-json\/wp\/v2\/product"}],"about":[{"href":"https:\/\/www.artsgraphiques.net\/en\/wp-json\/wp\/v2\/types\/product"}],"replies":[{"embeddable":true,"href":"https:\/\/www.artsgraphiques.net\/en\/wp-json\/wp\/v2\/comments?post=11606"}],"wp:featuredmedia":[{"embeddable":true,"href":"https:\/\/www.artsgraphiques.net\/en\/wp-json\/wp\/v2\/media\/11617"}],"wp:attachment":[{"href":"https:\/\/www.artsgraphiques.net\/en\/wp-json\/wp\/v2\/media?parent=11606"}],"wp:term":[{"taxonomy":"product_brand","embeddable":true,"href":"https:\/\/www.artsgraphiques.net\/en\/wp-json\/wp\/v2\/product_brand?post=11606"},{"taxonomy":"product_cat","embeddable":true,"href":"https:\/\/www.artsgraphiques.net\/en\/wp-json\/wp\/v2\/product_cat?post=11606"},{"taxonomy":"product_tag","embeddable":true,"href":"https:\/\/www.artsgraphiques.net\/en\/wp-json\/wp\/v2\/product_tag?post=11606"}],"curies":[{"name":"wp","href":"https:\/\/api.w.org\/{rel}","templated":true}]}}