{"id":11618,"date":"2022-01-30T20:20:28","date_gmt":"2022-01-30T19:20:28","guid":{"rendered":"https:\/\/www.artsgraphiques.net\/produit\/poster-cassis-ruelle-du-centre-ville-historique\/"},"modified":"2025-12-19T07:14:49","modified_gmt":"2025-12-19T06:14:49","slug":"poster-cassis-ruelle-du-centre-ville-historique","status":"publish","type":"product","link":"https:\/\/www.artsgraphiques.net\/en\/product\/poster-cassis-ruelle-du-centre-ville-historique\/","title":{"rendered":"Poster Cassis, alley in the historic city center"},"content":{"rendered":"<p>Ruelle du centre-ville historique de Cassis en poster. Mettez un peu de M\u00e9diterran\u00e9e dans votre pi\u00e8ce. Commandez ce superbe poster de Cassis et laissez-vous emporter dans l&rsquo;univers chaleureux du sud de la France.<\/p>\n<p>Poster de qualit\u00e9 imprim\u00e9 sur un papier mat \u00e9pais et durable. Chaque poster est imprim\u00e9 en gicl\u00e9e sur un papier non-acide qui donne des impressions lumineuses pour \u00e9gayer n&rsquo;importe quelle pi\u00e8ce.<\/p>\n<p>\u2022 \u00c9paisseur du papier\u00a0: 10,3 mil<br \/>\n\u2022 Poids du papier\u00a0: 192\u00a0g\/m\u00b2 (5,6 oz\/y\u00b2)<br \/>\n\u2022 Qualit\u00e9 d\u2019impression gicl\u00e9e<br \/>\n\u2022 Opacit\u00e9\u00a0: 94\u00a0%<\/p>","protected":false},"excerpt":{"rendered":"<p>Ruelle du centre-ville historique de Cassis en poster. Mettez un peu de M\u00e9diterran\u00e9e dans votre pi\u00e8ce. Commandez ce superbe poster de Cassis et laissez-vous emporter dans l&rsquo;univers chaleureux du sud de la France.<\/p>\n<p>Poster en <strong>LIMITED EDITION<\/strong> !<\/p>\n<p> <a class=\"more-link\" href=\"https:\/\/www.artsgraphiques.net\/en\/product\/poster-cassis-ruelle-du-centre-ville-historique\/\">Read more<\/a><\/p>","protected":false},"featured_media":11621,"comment_status":"open","ping_status":"closed","template":"","meta":[],"product_brand":[],"product_cat":[600],"product_tag":[],"class_list":{"0":"post-11618","1":"product","2":"type-product","3":"status-publish","4":"has-post-thumbnail","6":"product_cat-france","8":"first","9":"instock","10":"sale","11":"featured","12":"shipping-taxable","13":"purchasable","14":"product-type-variable"},"aioseo_notices":[],"_links":{"self":[{"href":"https:\/\/www.artsgraphiques.net\/en\/wp-json\/wp\/v2\/product\/11618","targetHints":{"allow":["GET"]}}],"collection":[{"href":"https:\/\/www.artsgraphiques.net\/en\/wp-json\/wp\/v2\/product"}],"about":[{"href":"https:\/\/www.artsgraphiques.net\/en\/wp-json\/wp\/v2\/types\/product"}],"replies":[{"embeddable":true,"href":"https:\/\/www.artsgraphiques.net\/en\/wp-json\/wp\/v2\/comments?post=11618"}],"wp:featuredmedia":[{"embeddable":true,"href":"https:\/\/www.artsgraphiques.net\/en\/wp-json\/wp\/v2\/media\/11621"}],"wp:attachment":[{"href":"https:\/\/www.artsgraphiques.net\/en\/wp-json\/wp\/v2\/media?parent=11618"}],"wp:term":[{"taxonomy":"product_brand","embeddable":true,"href":"https:\/\/www.artsgraphiques.net\/en\/wp-json\/wp\/v2\/product_brand?post=11618"},{"taxonomy":"product_cat","embeddable":true,"href":"https:\/\/www.artsgraphiques.net\/en\/wp-json\/wp\/v2\/product_cat?post=11618"},{"taxonomy":"product_tag","embeddable":true,"href":"https:\/\/www.artsgraphiques.net\/en\/wp-json\/wp\/v2\/product_tag?post=11618"}],"curies":[{"name":"wp","href":"https:\/\/api.w.org\/{rel}","templated":true}]}}