{"id":11453,"date":"2021-08-09T23:43:06","date_gmt":"2021-08-09T21:43:06","guid":{"rendered":"https:\/\/www.artsgraphiques.net\/?page_id=11453"},"modified":"2021-08-09T23:43:07","modified_gmt":"2021-08-09T21:43:07","slug":"rgpd","status":"publish","type":"page","link":"https:\/\/www.artsgraphiques.net\/fr_fr\/rgpd\/","title":{"rendered":"Confidentialit\u00e9 \u2013 RGPD"},"content":{"rendered":"\n<p>Nous portons une attention particuli\u00e8re \u00e0 la protection des donn\u00e9es de nos clients, et nous sommes ravis de l\u2019int\u00e9r\u00eat que vous portez \u00e0 notre politique. Lors de vos visites sur notre site web nous voulons que vous vous sentiez en confiance et que notre politique de donn\u00e9es soit un gage de qualit\u00e9 pour nos clients.<\/p>\n\n\n\n<p>Les indications relatives \u00e0 la protection des donn\u00e9es pr\u00e9sent\u00e9es ci-dessous vous informent sur le type de donn\u00e9es \u00e0 caract\u00e8re personnel r\u00e9colt\u00e9es par ARTSGRAPHIQUES et le traitement qu\u2019il en est fait. Ce sont les informations permettant de vous identifier directement ou indirectement. La protection des donn\u00e9es s\u2019appuie sur une r\u00e9glementation comprenant notamment le\u00a0<strong>RGPD<\/strong>\u00a0depuis le 25 mai 2018.<\/p>\n\n\n\n<h2 class=\"wp-block-heading\">Qui sommes-nous&nbsp;?<\/h2>\n\n\n\n<p>L\u2019adresse de notre site Web est\u00a0: https:\/\/www.artsgraphiques.net\/<\/p>\n\n\n\n<h2 class=\"wp-block-heading\">Utilisation des donn\u00e9es personnelles collect\u00e9es<\/h2>\n\n\n\n<p>Lorsque vous achetez un produit dans notre boutique, dans le cadre du processus d\u2019achat et de vente, nous recueillons les informations personnelles que vous nous donnez comme votre nom, votre adresse et votre e-mail.<br>Lorsque vous naviguez sur ARTSGRAPHIQUES.NET nous recevons automatiquement le protocole Internet (IP) l\u2019adresse de votre ordinateur afin d\u2019obtenir des informations qui nous aident \u00e0 conna\u00eetre votre navigateur et votre syst\u00e8me d\u2019exploitation.<br>Marketing par courriel (le cas \u00e9ch\u00e9ant): Avec votre permission, nous pouvons vous envoyer des courriels \u00e0 propos de notre boutique, de nouveaux produits et d\u2019autres mises \u00e0 jour.<\/p>\n\n\n\n<h3 class=\"wp-block-heading\">Commentaires<\/h3>\n\n\n\n<p>Quand vous laissez un commentaire sur notre site web, les donn\u00e9es inscrites dans le formulaire de commentaire, mais aussi votre adresse IP et l\u2019agent utilisateur de votre navigateur sont collect\u00e9s pour nous aider \u00e0 la d\u00e9tection des commentaires ind\u00e9sirables.<\/p>\n\n\n\n<p>Une cha\u00eene anonymis\u00e9e cr\u00e9\u00e9e \u00e0 partir de votre adresse de messagerie (\u00e9galement appel\u00e9e hash) peut \u00eatre envoy\u00e9e au service Gravatar pour v\u00e9rifier si vous utilisez ce dernier. Les clauses de confidentialit\u00e9 du service Gravatar sont disponibles ici&nbsp;: https:\/\/automattic.com\/privacy\/. Apr\u00e8s validation de votre commentaire, votre photo de profil sera visible publiquement \u00e0 cot\u00e9 de votre commentaire.<\/p>\n\n\n\n<h3 class=\"wp-block-heading\">M\u00e9dias<\/h3>\n\n\n\n<p>Si vous \u00eates un utilisateur ou une utilisatrice enregistr\u00e9\u00b7e et que vous t\u00e9l\u00e9versez des images sur le site web, nous vous conseillons d\u2019\u00e9viter de t\u00e9l\u00e9verser des images contenant des donn\u00e9es EXIF de coordonn\u00e9es GPS. Les visiteurs de votre site web peuvent t\u00e9l\u00e9charger et extraire des donn\u00e9es de localisation depuis ces images.<\/p>\n\n\n\n<h2 class=\"wp-block-heading\">Formulaires de contact<\/h2>\n\n\n\n<p><strong>Cookies<\/strong><\/p>\n\n\n\n<p>Si vous d\u00e9posez un commentaire sur notre site, il vous sera propos\u00e9 d\u2019enregistrer votre nom, adresse de messagerie et site web dans des cookies. C\u2019est uniquement pour votre confort afin de ne pas avoir \u00e0 saisir ces informations si vous d\u00e9posez un autre commentaire plus tard. Ces cookies expirent au bout d\u2019un an.<\/p>\n\n\n\n<p>Si vous avez un compte et que vous vous connectez sur ce site, un cookie temporaire sera cr\u00e9\u00e9 afin de d\u00e9terminer si votre navigateur accepte les cookies. Il ne contient pas de donn\u00e9es personnelles et sera supprim\u00e9 automatiquement \u00e0 la fermeture de votre navigateur.<\/p>\n\n\n\n<p>Lorsque vous vous connecterez, nous mettrons en place un certain nombre de cookies pour enregistrer vos informations de connexion et vos pr\u00e9f\u00e9rences d\u2019\u00e9cran. La dur\u00e9e de vie d\u2019un cookie de connexion est de deux jours, celle d\u2019un cookie d\u2019option d\u2019\u00e9cran est d\u2019un an. Si vous cochez \u00ab&nbsp;Se souvenir de moi&nbsp;\u00bb, votre cookie de connexion sera conserv\u00e9 pendant deux semaines. Si vous vous d\u00e9connectez de votre compte, le cookie de connexion sera effac\u00e9.<\/p>\n\n\n\n<p>En modifiant ou en publiant un article, un cookie suppl\u00e9mentaire sera enregistr\u00e9 dans votre navigateur. Ce cookie ne comprend aucune donn\u00e9e personnelle. Il indique simplement l\u2019identifiant de l\u2019article que vous venez de modifier. Il expire au bout d\u2019un jour.<\/p>\n\n\n\n<p><strong>Contenu embarqu\u00e9 depuis d\u2019autres sites<\/strong><\/p>\n\n\n\n<p>Les articles de ce site peuvent inclure des contenus int\u00e9gr\u00e9s (par exemple des vid\u00e9os, images, articles\u2026). Le contenu int\u00e9gr\u00e9 depuis d\u2019autres sites se comporte de la m\u00eame mani\u00e8re que si le visiteur se rendait sur cet autre site.<\/p>\n\n\n\n<p>Ces sites web pourraient collecter des donn\u00e9es sur vous, utiliser des cookies, embarquer des outils de suivis tiers, suivre vos interactions avec ces contenus embarqu\u00e9s si vous disposez d\u2019un compte connect\u00e9 sur leur site web.<\/p>\n\n\n\n<p><strong>Statistiques et mesures d\u2019audience<\/strong><\/p>\n\n\n\n<h2 class=\"wp-block-heading\">Utilisation et transmission de vos donn\u00e9es personnelles<\/h2>\n\n\n\n<p><strong>Dur\u00e9es de stockage de vos donn\u00e9es<\/strong><\/p>\n\n\n\n<p>Si vous laissez un commentaire, le commentaire et ses m\u00e9tadonn\u00e9es sont conserv\u00e9s ind\u00e9finiment. Cela permet de reconna\u00eetre et approuver automatiquement les commentaires suivants au lieu de les laisser dans la file de mod\u00e9ration.<\/p>\n\n\n\n<p>Pour les utilisateurs et utilisatrices qui s\u2019enregistrent sur notre site (si cela est possible), nous stockons \u00e9galement les donn\u00e9es personnelles indiqu\u00e9es dans leur profil. Tous les utilisateurs et utilisatrices peuvent voir, modifier ou supprimer leurs informations personnelles \u00e0 tout moment (\u00e0 l\u2019exception de leur nom d\u2019utilisateur\u00b7ice). Les gestionnaires du site peuvent aussi voir et modifier ces informations.<\/p>\n\n\n\n<p><strong>Les droits que vous avez sur vos donn\u00e9es<\/strong><\/p>\n\n\n\n<p>Si vous avez un compte ou si vous avez laiss\u00e9 des commentaires sur le site, vous pouvez demander \u00e0 recevoir un fichier contenant toutes les donn\u00e9es personnelles que nous poss\u00e9dons \u00e0 votre sujet, incluant celles que vous nous avez fournies. Vous pouvez \u00e9galement demander la suppression des donn\u00e9es personnelles vous concernant. Cela ne prend pas en compte les donn\u00e9es stock\u00e9es \u00e0 des fins administratives, l\u00e9gales ou pour des raisons de s\u00e9curit\u00e9.<\/p>\n\n\n\n<p><strong>Transmission de vos donn\u00e9es personnelles<\/strong><\/p>\n\n\n\n<p>Les commentaires des visiteurs peuvent \u00eatre v\u00e9rifi\u00e9s \u00e0 l\u2019aide d\u2019un service automatis\u00e9 de d\u00e9tection des commentaires ind\u00e9sirables.<\/p>\n\n\n\n<h2 class=\"wp-block-heading\">S\u00e9curit\u00e9<\/h2>\n\n\n\n<p>Pour prot\u00e9ger vos renseignements personnels, nous prenons toutes les pr\u00e9cautions raisonnables et nous suivons les meilleures pratiques de l\u2019industrie pour vous assurer qu\u2019ils ne soient pas injustement perdus, mal utilis\u00e9s, consult\u00e9s, r\u00e9v\u00e9l\u00e9s, modifi\u00e9s ou d\u00e9truits.<br>Si vous nous fournissez vos informations de carte de cr\u00e9dit, les informations sont crypt\u00e9es en utilisant la technologie&nbsp;Secure Socket Layer (SSL)&nbsp;et stock\u00e9s avec un cryptage AES-256. M\u00eame si aucune m\u00e9thode de transmission sur Internet ou de stockage \u00e9lectronique n\u2019est s\u00e9curis\u00e9e \u00e0 100%, nous suivons toutes les exigences PCI-DSS et mettons en \u0153uvre les normes de l\u2019industrie g\u00e9n\u00e9ralement reconnus.<\/p>\n\n\n\n<h2 class=\"wp-block-heading\">L\u2019\u00e2ge du consentement<\/h2>\n\n\n\n<p>En utilisant ce site vous d\u00e9clarez que vous avez au moins l\u2019\u00e2ge de la majorit\u00e9 dans votre&nbsp;lieu de r\u00e9sidence, ou que vous \u00eates \u00e0 l\u2019\u00e2ge de la majorit\u00e9 dans votre lieu de r\u00e9sidence et que vous avez donn\u00e9 votre consentement pour permettre \u00e0 un mineur \u00e0 votre charge d\u2019utiliser ce site.<\/p>\n\n\n\n<h2 class=\"wp-block-heading\">Modifications de cette politique<\/h2>\n\n\n\n<p>Nous nous r\u00e9servons le droit de modifier cette politique de confidentialit\u00e9 \u00e0 tout moment. Veuillez donc l\u2019examiner&nbsp;fr\u00e9quemment. Les modifications et les pr\u00e9cisions prendront effet d\u00e8s leur publication sur le site. Si nous faisons des changements importants \u00e0 cette politique, nous vous informerons ici qu\u2019elle a \u00e9t\u00e9 mise \u00e0 jour de sorte que vous soyez au courant des informations que nous recueillons, comment nous les utilisons, et dans quelles circonstances, le cas \u00e9ch\u00e9ant, nous les utilisons et \/ ou les divulguons.<br>Si notre boutique est vendue ou fusionn\u00e9e avec une autre entreprise, vos informations peuvent \u00eatre transf\u00e9r\u00e9es aux nouveaux propri\u00e9taires afin que nous puissions continuer \u00e0 vous vendre des produits.<\/p>\n\n\n\n<h2 class=\"wp-block-heading\">Questions et coordonn\u00e9es<\/h2>\n\n\n\n<p>Si vous souhaitez : acc\u00e9der, rectifier, modifier ou supprimer des informations personnelles que nous avons sur vous, d\u00e9poser une plainte, ou si vous voulez tout simplement plus d\u2019informations, contactez-nous depuis le\u00a0<a href=\"https:\/\/www.artsgraphiques.net\/contact\/\">formulaire de\u00a0contact<\/a>.<\/p>\n","protected":false},"excerpt":{"rendered":"<p>Nous portons une attention particuli\u00e8re \u00e0 la protection des donn\u00e9es&hellip;<\/p>\n<p> <a class=\"more-link\" href=\"https:\/\/www.artsgraphiques.net\/fr_fr\/rgpd\/\">Lire la suite<\/a><\/p>\n","protected":false},"author":1,"featured_media":0,"parent":0,"menu_order":0,"comment_status":"closed","ping_status":"closed","template":"","meta":{"footnotes":""},"class_list":["post-11453","page","type-page","status-publish"],"aioseo_notices":[],"_links":{"self":[{"href":"https:\/\/www.artsgraphiques.net\/fr_fr\/wp-json\/wp\/v2\/pages\/11453","targetHints":{"allow":["GET"]}}],"collection":[{"href":"https:\/\/www.artsgraphiques.net\/fr_fr\/wp-json\/wp\/v2\/pages"}],"about":[{"href":"https:\/\/www.artsgraphiques.net\/fr_fr\/wp-json\/wp\/v2\/types\/page"}],"author":[{"embeddable":true,"href":"https:\/\/www.artsgraphiques.net\/fr_fr\/wp-json\/wp\/v2\/users\/1"}],"replies":[{"embeddable":true,"href":"https:\/\/www.artsgraphiques.net\/fr_fr\/wp-json\/wp\/v2\/comments?post=11453"}],"version-history":[{"count":1,"href":"https:\/\/www.artsgraphiques.net\/fr_fr\/wp-json\/wp\/v2\/pages\/11453\/revisions"}],"predecessor-version":[{"id":11454,"href":"https:\/\/www.artsgraphiques.net\/fr_fr\/wp-json\/wp\/v2\/pages\/11453\/revisions\/11454"}],"wp:attachment":[{"href":"https:\/\/www.artsgraphiques.net\/fr_fr\/wp-json\/wp\/v2\/media?parent=11453"}],"curies":[{"name":"wp","href":"https:\/\/api.w.org\/{rel}","templated":true}]}}