{"id":11458,"date":"2021-08-10T00:23:44","date_gmt":"2021-08-09T22:23:44","guid":{"rendered":"https:\/\/www.artsgraphiques.net\/?page_id=11458"},"modified":"2022-01-30T22:37:25","modified_gmt":"2022-01-30T21:37:25","slug":"mentions-legales","status":"publish","type":"page","link":"https:\/\/www.artsgraphiques.net\/fr_fr\/mentions-legales\/","title":{"rendered":"Mentions l\u00e9gales"},"content":{"rendered":"\t\t<div data-elementor-type=\"wp-page\" data-elementor-id=\"11458\" class=\"elementor elementor-11458\">\n\t\t\t\t\t\t<section class=\"elementor-section elementor-top-section elementor-element elementor-element-3496984f elementor-section-boxed elementor-section-height-default elementor-section-height-default\" data-id=\"3496984f\" data-element_type=\"section\" data-e-type=\"section\">\n\t\t\t\t\t\t<div class=\"elementor-container elementor-column-gap-default\">\n\t\t\t\t\t<div class=\"elementor-column elementor-col-100 elementor-top-column elementor-element elementor-element-63d5f8b\" data-id=\"63d5f8b\" data-element_type=\"column\" data-e-type=\"column\">\n\t\t\t<div class=\"elementor-widget-wrap elementor-element-populated\">\n\t\t\t\t\t\t<div class=\"elementor-element elementor-element-c8edd58 elementor-widget elementor-widget-text-editor\" data-id=\"c8edd58\" data-element_type=\"widget\" data-e-type=\"widget\" data-widget_type=\"text-editor.default\">\n\t\t\t\t<div class=\"elementor-widget-container\">\n\t\t\t\t\t\t\t\t\t\n<p><strong>\u00c9diteur<\/strong><\/p>\n\n<p>Le site internet Artsgraphiques.net est \u00e9dit\u00e9 par Yassine A., dont le si\u00e8ge social est situ\u00e9 3 av Adrien Mazet 13140 Miramas (France) immatricul\u00e9 au RCS de SALON 512601105 (2019 A 518)<\/p>\n\n<p>E-mail : contact@artsgraphiques.net<\/p>\n\n<p><strong>Directeur de la publication<\/strong><\/p>\n\n<p>Monsieur Yassine A.<\/p>\n\n<p><strong>H\u00e9bergement<\/strong><\/p>\n\n<p>OVH &#8211; 2 rue Kellermann \u2013 59100 Roubaix \u2013 France<\/p>\n\n<p><strong>Propri\u00e9t\u00e9 Intellectuelle<\/strong><\/p>\n\n<p>L\u2019int\u00e9gralit\u00e9 de ce site est prot\u00e9g\u00e9e par les l\u00e9gislations fran\u00e7aises et internationales relatives \u00e0 la propri\u00e9t\u00e9 intellectuelle. Tous les droits de reproduction sont r\u00e9serv\u00e9s. L\u2019ensemble des textes composant les pages du site ne peut, conform\u00e9ment \u00e0 l\u2019article L122-4 du code de la propri\u00e9t\u00e9 intellectuelle, faire l\u2019objet d\u2019une quelconque repr\u00e9sentation ou reproduction, int\u00e9grale ou partielle, sur quelque support que ce soit, sans l\u2019autorisation expresse et pr\u00e9alable de ArtsGraphiques.<\/p>\n\t\t\t\t\t\t\t\t<\/div>\n\t\t\t\t<\/div>\n\t\t\t\t\t<\/div>\n\t\t<\/div>\n\t\t\t\t\t<\/div>\n\t\t<\/section>\n\t\t\t\t<\/div>\n\t\t","protected":false},"excerpt":{"rendered":"<p>\u00c9diteur Le site internet Artsgraphiques.net est \u00e9dit\u00e9 par Yassine A.,&hellip;<\/p>\n<p> <a class=\"more-link\" href=\"https:\/\/www.artsgraphiques.net\/fr_fr\/mentions-legales\/\">Lire la suite<\/a><\/p>\n","protected":false},"author":1,"featured_media":0,"parent":0,"menu_order":0,"comment_status":"closed","ping_status":"closed","template":"","meta":{"footnotes":""},"class_list":["post-11458","page","type-page","status-publish"],"aioseo_notices":[],"_links":{"self":[{"href":"https:\/\/www.artsgraphiques.net\/fr_fr\/wp-json\/wp\/v2\/pages\/11458","targetHints":{"allow":["GET"]}}],"collection":[{"href":"https:\/\/www.artsgraphiques.net\/fr_fr\/wp-json\/wp\/v2\/pages"}],"about":[{"href":"https:\/\/www.artsgraphiques.net\/fr_fr\/wp-json\/wp\/v2\/types\/page"}],"author":[{"embeddable":true,"href":"https:\/\/www.artsgraphiques.net\/fr_fr\/wp-json\/wp\/v2\/users\/1"}],"replies":[{"embeddable":true,"href":"https:\/\/www.artsgraphiques.net\/fr_fr\/wp-json\/wp\/v2\/comments?post=11458"}],"version-history":[{"count":4,"href":"https:\/\/www.artsgraphiques.net\/fr_fr\/wp-json\/wp\/v2\/pages\/11458\/revisions"}],"predecessor-version":[{"id":11685,"href":"https:\/\/www.artsgraphiques.net\/fr_fr\/wp-json\/wp\/v2\/pages\/11458\/revisions\/11685"}],"wp:attachment":[{"href":"https:\/\/www.artsgraphiques.net\/fr_fr\/wp-json\/wp\/v2\/media?parent=11458"}],"curies":[{"name":"wp","href":"https:\/\/api.w.org\/{rel}","templated":true}]}}