{"id":11460,"date":"2021-08-10T00:28:01","date_gmt":"2021-08-09T22:28:01","guid":{"rendered":"https:\/\/www.artsgraphiques.net\/?page_id=11460"},"modified":"2021-08-10T00:28:03","modified_gmt":"2021-08-09T22:28:03","slug":"paiement-securise","status":"publish","type":"page","link":"https:\/\/www.artsgraphiques.net\/fr_fr\/paiement-securise\/","title":{"rendered":"Paiement s\u00e9curis\u00e9"},"content":{"rendered":"\n<p><strong>Payez avec les m\u00e9thodes de paiement les plus populaires et les plus s\u00fbres au monde.<\/strong><\/p>\n\n\n\n<p>Chez Artsgraphiques.net le processus de paiement est parfaitement s\u00e9curis\u00e9.\u00a0<\/p>\n\n\n\n<p>Vous pouvez d\u2019ailleurs le constater en regardant la barre de votre navigateur qui comporte un cadenas vert (signe que les transactions sont crypt\u00e9es).<\/p>\n\n\n\n<p>Les transactions sont crypt\u00e9es sur toutes les pages de Artsgraphiques.net gr\u00e2ce \u00e0 la technologie\u00a0<a href=\"https:\/\/www.artsgraphiques.net\/site-securise\/\">SSL<\/a>\u00a0(Secure Sockets Layer), ainsi, vos informations personnelles et informations bancaires, crypt\u00e9es sur votre propre ordinateur, ne circuleront jamais en clair sur Internet et votre num\u00e9ro de carte ne sera jamais connu ni conserv\u00e9.<\/p>\n\n\n\n<p><strong>Les moyens de paiement.<\/strong><\/p>\n\n\n\n<p>\u2013 CB, VISA, MASTERCARD<br>\u2013 PayPal<\/p>\n\n\n\n<p><strong>Que faire si le paiement est refus\u00e9 ?<\/strong><\/p>\n\n\n\n<p>Dans ce cas, nous vous invitons \u00e0\u00a0<a href=\"https:\/\/www.artsgraphiques.net\/contact\/\">nous contacter<\/a>.<\/p>\n\n\n\n<p>Nous vous proposerons une solution adapt\u00e9e selon vos besoins !<\/p>\n","protected":false},"excerpt":{"rendered":"<p>Payez avec les m\u00e9thodes de paiement les plus populaires et&hellip;<\/p>\n<p> <a class=\"more-link\" href=\"https:\/\/www.artsgraphiques.net\/fr_fr\/paiement-securise\/\">Lire la suite<\/a><\/p>\n","protected":false},"author":1,"featured_media":0,"parent":0,"menu_order":0,"comment_status":"closed","ping_status":"closed","template":"","meta":{"footnotes":""},"class_list":["post-11460","page","type-page","status-publish"],"aioseo_notices":[],"_links":{"self":[{"href":"https:\/\/www.artsgraphiques.net\/fr_fr\/wp-json\/wp\/v2\/pages\/11460","targetHints":{"allow":["GET"]}}],"collection":[{"href":"https:\/\/www.artsgraphiques.net\/fr_fr\/wp-json\/wp\/v2\/pages"}],"about":[{"href":"https:\/\/www.artsgraphiques.net\/fr_fr\/wp-json\/wp\/v2\/types\/page"}],"author":[{"embeddable":true,"href":"https:\/\/www.artsgraphiques.net\/fr_fr\/wp-json\/wp\/v2\/users\/1"}],"replies":[{"embeddable":true,"href":"https:\/\/www.artsgraphiques.net\/fr_fr\/wp-json\/wp\/v2\/comments?post=11460"}],"version-history":[{"count":1,"href":"https:\/\/www.artsgraphiques.net\/fr_fr\/wp-json\/wp\/v2\/pages\/11460\/revisions"}],"predecessor-version":[{"id":11461,"href":"https:\/\/www.artsgraphiques.net\/fr_fr\/wp-json\/wp\/v2\/pages\/11460\/revisions\/11461"}],"wp:attachment":[{"href":"https:\/\/www.artsgraphiques.net\/fr_fr\/wp-json\/wp\/v2\/media?parent=11460"}],"curies":[{"name":"wp","href":"https:\/\/api.w.org\/{rel}","templated":true}]}}