{"id":11525,"date":"2021-08-10T19:36:26","date_gmt":"2021-08-10T17:36:26","guid":{"rendered":"https:\/\/www.artsgraphiques.net\/?page_id=11525"},"modified":"2022-01-30T22:55:53","modified_gmt":"2022-01-30T21:55:53","slug":"livraison","status":"publish","type":"page","link":"https:\/\/www.artsgraphiques.net\/fr_fr\/livraison\/","title":{"rendered":"Livraison des posters"},"content":{"rendered":"<p>Les\u00a0<strong>frais de livraison<\/strong>\u00a0\u00e0 destination de la\u00a0<strong>France (m\u00e9tropolitaine)<\/strong> sont de 5,10\u20ac.<\/p>\n<p>ArtsGraphiques.net livre les commandes partout en France et m\u00eame \u00e0 l&rsquo;international.<\/p>\n<p>Vous recevez\u00a0vos commandes\u00a0<strong>entre 2 et 4 jours ouvrables<\/strong> suite \u00e0 la commande d&rsquo;un poster dans la boutique en ligne.<\/p>\n<p>\u00c0 titre indicatif voici le co\u00fbt de la livraison pour les autres pays :<\/p>\n<ul>\n<li>Belgique : 5,10\u20ac<\/li>\n<li>Allemagne : 5,10\u20ac<\/li>\n<li>Espagne : 5,10\u20ac<\/li>\n<li>Italie : 5,10\u20ac<\/li>\n<li>Royaume-Uni : 5,10\u20ac<\/li>\n<li>Monaco : 5,10\u20ac<\/li>\n<li>Suisse : 9,49\u20ac<\/li>\n<\/ul>\n<p>ArtsGraphiques.net livre aussi dans d&rsquo;autres pays.<\/p>\n<h2>Livraison des posters<\/h2>\n<p>Chez ArtsGraphiques.net les posters sont livr\u00e9s dans des tubes rigides pour leur assurer une protection optimale. D&rsquo;autres type d&#8217;emballages peuvent cependant \u00eatre propos\u00e9s pour des commandes sp\u00e9ciales (autres supports).<\/p>\n<p>Si le poster arrive chez vous endommag\u00e9, merci de nous <a href=\"https:\/\/www.artsgraphiques.net\/contact\/\">contacter<\/a> rapidement. Il sera remplac\u00e9 dans les meilleurs d\u00e9lais. Il faudra pr\u00e9alablement nous envoyer une photo du dommage. Tout poster endommag\u00e9 doit \u00eatre d\u00e9truit pour respecter le nombre de tirages imprim\u00e9s.<\/p>\n<p>100% de nos clients re\u00e7oivent leur poster. Leur satisfaction est notre priorit\u00e9 !<\/p>\n","protected":false},"excerpt":{"rendered":"<p>Les\u00a0frais de livraison\u00a0\u00e0 destination de la\u00a0France (m\u00e9tropolitaine) sont de 5,10\u20ac.&hellip;<\/p>\n<p> <a class=\"more-link\" href=\"https:\/\/www.artsgraphiques.net\/fr_fr\/livraison\/\">Lire la suite<\/a><\/p>\n","protected":false},"author":1,"featured_media":0,"parent":0,"menu_order":0,"comment_status":"closed","ping_status":"closed","template":"","meta":{"footnotes":""},"class_list":["post-11525","page","type-page","status-publish"],"aioseo_notices":[],"_links":{"self":[{"href":"https:\/\/www.artsgraphiques.net\/fr_fr\/wp-json\/wp\/v2\/pages\/11525","targetHints":{"allow":["GET"]}}],"collection":[{"href":"https:\/\/www.artsgraphiques.net\/fr_fr\/wp-json\/wp\/v2\/pages"}],"about":[{"href":"https:\/\/www.artsgraphiques.net\/fr_fr\/wp-json\/wp\/v2\/types\/page"}],"author":[{"embeddable":true,"href":"https:\/\/www.artsgraphiques.net\/fr_fr\/wp-json\/wp\/v2\/users\/1"}],"replies":[{"embeddable":true,"href":"https:\/\/www.artsgraphiques.net\/fr_fr\/wp-json\/wp\/v2\/comments?post=11525"}],"version-history":[{"count":10,"href":"https:\/\/www.artsgraphiques.net\/fr_fr\/wp-json\/wp\/v2\/pages\/11525\/revisions"}],"predecessor-version":[{"id":11691,"href":"https:\/\/www.artsgraphiques.net\/fr_fr\/wp-json\/wp\/v2\/pages\/11525\/revisions\/11691"}],"wp:attachment":[{"href":"https:\/\/www.artsgraphiques.net\/fr_fr\/wp-json\/wp\/v2\/media?parent=11525"}],"curies":[{"name":"wp","href":"https:\/\/api.w.org\/{rel}","templated":true}]}}