{"id":4953,"date":"2009-11-29T23:50:58","date_gmt":"2009-11-29T22:50:58","guid":{"rendered":"http:\/\/illustration.ya-graphic.com\/?page_id=2"},"modified":"2022-01-30T22:35:30","modified_gmt":"2022-01-30T21:35:30","slug":"a-propos","status":"publish","type":"page","link":"https:\/\/www.artsgraphiques.net\/fr_fr\/a-propos\/","title":{"rendered":"\u00c0 propos"},"content":{"rendered":"\t\t<div data-elementor-type=\"wp-page\" data-elementor-id=\"4953\" class=\"elementor elementor-4953\">\n\t\t\t\t\t\t<section class=\"elementor-section elementor-top-section elementor-element elementor-element-2795484 elementor-section-boxed elementor-section-height-default elementor-section-height-default\" data-id=\"2795484\" data-element_type=\"section\" data-e-type=\"section\">\n\t\t\t\t\t\t<div class=\"elementor-container elementor-column-gap-default\">\n\t\t\t\t\t<div class=\"elementor-column elementor-col-100 elementor-top-column elementor-element elementor-element-2c4010fe\" data-id=\"2c4010fe\" data-element_type=\"column\" data-e-type=\"column\">\n\t\t\t<div class=\"elementor-widget-wrap elementor-element-populated\">\n\t\t\t\t\t\t<section class=\"elementor-section elementor-inner-section elementor-element elementor-element-9b0f343 elementor-section-boxed elementor-section-height-default elementor-section-height-default\" data-id=\"9b0f343\" data-element_type=\"section\" data-e-type=\"section\">\n\t\t\t\t\t\t<div class=\"elementor-container elementor-column-gap-default\">\n\t\t\t\t\t<div class=\"elementor-column elementor-col-50 elementor-inner-column elementor-element elementor-element-5cfc525\" data-id=\"5cfc525\" data-element_type=\"column\" data-e-type=\"column\">\n\t\t\t<div class=\"elementor-widget-wrap elementor-element-populated\">\n\t\t\t\t\t\t<div class=\"elementor-element elementor-element-37c1423 elementor-widget elementor-widget-text-editor\" data-id=\"37c1423\" data-element_type=\"widget\" data-e-type=\"widget\" data-widget_type=\"text-editor.default\">\n\t\t\t\t<div class=\"elementor-widget-container\">\n\t\t\t\t\t\t\t\t\t<p>Pr\u00e9sentation du fondateur d&rsquo;ArtsGraphiques.net.<\/p>\n<p>N\u00e9 \u00e0 Salon-de-Provence, en France, Yassine commence \u00e0 se faire remarquer tr\u00e8s t\u00f4t par ses cr\u00e9ations graphiques. Pour lui, cette activit\u00e9 est plus qu&rsquo;une comp\u00e9tence. Il a toujours aim\u00e9 \u00e7a. C&rsquo;est dans sa nature. Ce n&rsquo;est pas quelque chose qu&rsquo;il a acquis. La cr\u00e9ation graphique est n\u00e9e avec lui.<\/p>\n<p>1984 : Il gagne son\u00a0<strong>premier concours de dessin<\/strong>\u00a0\u00e0 l&rsquo;\u00e9cole primaire, en CE1. Le concours avait \u00e9t\u00e9 organis\u00e9 par l&rsquo;\u00e9mission de t\u00e9l\u00e9vision Thalassa sur la cha\u00eene FR3.<\/p>\n<p>2004 : Il obtient un\u00a0<strong>master Arts plastiques<\/strong>\u00a0\u00e0 l&rsquo;Universit\u00e9 Aix-Marseille I, \u00e0 Aix-en-Provence. Il expose quelques oeuvres d&rsquo;art dans la m\u00eame ville o\u00f9 il v\u00e9cu 5 ann\u00e9es environ.<\/p>\t\t\t\t\t\t\t\t<\/div>\n\t\t\t\t<\/div>\n\t\t\t\t\t<\/div>\n\t\t<\/div>\n\t\t\t\t<div class=\"elementor-column elementor-col-50 elementor-inner-column elementor-element elementor-element-7100256\" data-id=\"7100256\" data-element_type=\"column\" data-e-type=\"column\">\n\t\t\t<div class=\"elementor-widget-wrap elementor-element-populated\">\n\t\t\t\t\t\t<div class=\"elementor-element elementor-element-6321624 elementor-widget elementor-widget-text-editor\" data-id=\"6321624\" data-element_type=\"widget\" data-e-type=\"widget\" data-widget_type=\"text-editor.default\">\n\t\t\t\t<div class=\"elementor-widget-container\">\n\t\t\t\t\t\t\t\t\t<p>2007 : Il cr\u00e9e un blog qui s&rsquo;appellera Arts Graphiques. Son int\u00e9r\u00eat pour le digital se manifeste. Il travaille sur un projet de livre jeunesse enti\u00e8rement r\u00e9alis\u00e9 au dessin vectoriel (sur Adobe Illustrator).<\/p>\n<p>\u00a0<\/p>\n<p>2008 : Il s&rsquo;oriente vers le digital marketing. Il occupe un poste dans un agence Web situ\u00e9e \u00e0 Marseille. Parall\u00e8lement, il r\u00e9alise des photos et des illustrations.<\/p>\n<p>2009 : Il met en vente quelques unes de ses cr\u00e9ations dans des marketplaces. Les gens s&rsquo;int\u00e9ressent \u00e0 ce qu&rsquo;il fait. Ils ach\u00e8tent.<\/p>\n<p><a href=\"https:\/\/www.artsgraphiques.net\/wp-content\/uploads\/2021\/08\/yassine-1-e1628516705795.png\"><img decoding=\"async\" class=\"wp-image-11412 alignright\" src=\"https:\/\/www.artsgraphiques.net\/wp-content\/uploads\/2021\/08\/yassine-1-e1628516705795-201x300.png\" alt=\"Yassine Arts Graphiques\" width=\"104\" height=\"153\" \/><\/a>En 2021 il transforme son blog en boutique en ligne. Ce sera plus facile pour vendre ses cr\u00e9ations.<\/p>\t\t\t\t\t\t\t\t<\/div>\n\t\t\t\t<\/div>\n\t\t\t\t\t<\/div>\n\t\t<\/div>\n\t\t\t\t\t<\/div>\n\t\t<\/section>\n\t\t\t\t<div class=\"elementor-element elementor-element-45e5acfb elementor-widget elementor-widget-text-editor\" data-id=\"45e5acfb\" data-element_type=\"widget\" data-e-type=\"widget\" data-widget_type=\"text-editor.default\">\n\t\t\t\t<div class=\"elementor-widget-container\">\n\t\t\t\t\t\t\t\t\t<p>\u00a0<\/p>\n<p>\u00a0<\/p>\n<p>\u00a0<\/p>\n<p><\/p>\t\t\t\t\t\t\t\t<\/div>\n\t\t\t\t<\/div>\n\t\t\t\t\t<\/div>\n\t\t<\/div>\n\t\t\t\t\t<\/div>\n\t\t<\/section>\n\t\t\t\t<\/div>\n\t\t","protected":false},"excerpt":{"rendered":"<p>Pr\u00e9sentation du fondateur d&rsquo;ArtsGraphiques.net. N\u00e9 \u00e0 Salon-de-Provence, en France, Yassine&hellip;<\/p>\n<p> <a class=\"more-link\" href=\"https:\/\/www.artsgraphiques.net\/fr_fr\/a-propos\/\">Lire la suite<\/a><\/p>\n","protected":false},"author":1,"featured_media":0,"parent":0,"menu_order":1,"comment_status":"closed","ping_status":"open","template":"","meta":{"footnotes":""},"class_list":["post-4953","page","type-page","status-publish"],"aioseo_notices":[],"_links":{"self":[{"href":"https:\/\/www.artsgraphiques.net\/fr_fr\/wp-json\/wp\/v2\/pages\/4953","targetHints":{"allow":["GET"]}}],"collection":[{"href":"https:\/\/www.artsgraphiques.net\/fr_fr\/wp-json\/wp\/v2\/pages"}],"about":[{"href":"https:\/\/www.artsgraphiques.net\/fr_fr\/wp-json\/wp\/v2\/types\/page"}],"author":[{"embeddable":true,"href":"https:\/\/www.artsgraphiques.net\/fr_fr\/wp-json\/wp\/v2\/users\/1"}],"replies":[{"embeddable":true,"href":"https:\/\/www.artsgraphiques.net\/fr_fr\/wp-json\/wp\/v2\/comments?post=4953"}],"version-history":[{"count":28,"href":"https:\/\/www.artsgraphiques.net\/fr_fr\/wp-json\/wp\/v2\/pages\/4953\/revisions"}],"predecessor-version":[{"id":11682,"href":"https:\/\/www.artsgraphiques.net\/fr_fr\/wp-json\/wp\/v2\/pages\/4953\/revisions\/11682"}],"wp:attachment":[{"href":"https:\/\/www.artsgraphiques.net\/fr_fr\/wp-json\/wp\/v2\/media?parent=4953"}],"curies":[{"name":"wp","href":"https:\/\/api.w.org\/{rel}","templated":true}]}}