{"id":11591,"date":"2022-01-30T00:47:48","date_gmt":"2022-01-29T23:47:48","guid":{"rendered":"https:\/\/www.artsgraphiques.net\/produit\/poster-parc-national-des-calanques-cassis-sud-de-la-france\/"},"modified":"2025-06-10T13:30:14","modified_gmt":"2025-06-10T11:30:14","slug":"poster-parc-national-des-calanques-cassis-sud-de-la-france","status":"publish","type":"product","link":"https:\/\/www.artsgraphiques.net\/fr_fr\/produit\/poster-parc-national-des-calanques-cassis-sud-de-la-france\/","title":{"rendered":"Poster Parc National des Calanques, Cassis (Sud de la France)"},"content":{"rendered":"<p>Ce poster des calanques de Cassis (ville du sud de la France) est id\u00e9al pour donner un coup de fra\u00eecheur dans son appartement ou maison. Les couleurs des calanques nous enchantent et nous r\u00e9chauffent d&rsquo;un simple regard.<\/p>\n<p>Posters de qualit\u00e9 imprim\u00e9s sur un papier mat \u00e9pais et durable. Chaque poster est imprim\u00e9 en gicl\u00e9e sur un papier non-acide qui donne des impressions lumineuses pour \u00e9gayer n&rsquo;importe quelle pi\u00e8ce.<\/p>\n<p>\u2022 \u00c9paisseur du papier\u00a0: 10,3 mil<br \/>\n\u2022 Poids du papier\u00a0: 192\u00a0g\/m\u00b2 (5,6 oz\/y\u00b2)<br \/>\n\u2022 Qualit\u00e9 d\u2019impression gicl\u00e9e<br \/>\n\u2022 Opacit\u00e9\u00a0: 94\u00a0%<\/p>\n","protected":false},"excerpt":{"rendered":"<p>Ce poster des calanques de Cassis (ville du sud de&hellip;<\/p>\n<p> <a class=\"more-link\" href=\"https:\/\/www.artsgraphiques.net\/fr_fr\/produit\/poster-parc-national-des-calanques-cassis-sud-de-la-france\/\">Lire la suite<\/a><\/p>\n","protected":false},"featured_media":11594,"comment_status":"open","ping_status":"closed","template":"","meta":[],"product_brand":[],"product_cat":[600],"product_tag":[],"class_list":{"0":"post-11591","1":"product","2":"type-product","3":"status-publish","4":"has-post-thumbnail","6":"product_cat-france","8":"first","9":"instock","10":"shipping-taxable","11":"purchasable","12":"product-type-variable"},"aioseo_notices":[],"_links":{"self":[{"href":"https:\/\/www.artsgraphiques.net\/fr_fr\/wp-json\/wp\/v2\/product\/11591","targetHints":{"allow":["GET"]}}],"collection":[{"href":"https:\/\/www.artsgraphiques.net\/fr_fr\/wp-json\/wp\/v2\/product"}],"about":[{"href":"https:\/\/www.artsgraphiques.net\/fr_fr\/wp-json\/wp\/v2\/types\/product"}],"replies":[{"embeddable":true,"href":"https:\/\/www.artsgraphiques.net\/fr_fr\/wp-json\/wp\/v2\/comments?post=11591"}],"wp:featuredmedia":[{"embeddable":true,"href":"https:\/\/www.artsgraphiques.net\/fr_fr\/wp-json\/wp\/v2\/media\/11594"}],"wp:attachment":[{"href":"https:\/\/www.artsgraphiques.net\/fr_fr\/wp-json\/wp\/v2\/media?parent=11591"}],"wp:term":[{"taxonomy":"product_brand","embeddable":true,"href":"https:\/\/www.artsgraphiques.net\/fr_fr\/wp-json\/wp\/v2\/product_brand?post=11591"},{"taxonomy":"product_cat","embeddable":true,"href":"https:\/\/www.artsgraphiques.net\/fr_fr\/wp-json\/wp\/v2\/product_cat?post=11591"},{"taxonomy":"product_tag","embeddable":true,"href":"https:\/\/www.artsgraphiques.net\/fr_fr\/wp-json\/wp\/v2\/product_tag?post=11591"}],"curies":[{"name":"wp","href":"https:\/\/api.w.org\/{rel}","templated":true}]}}