{"id":11611,"date":"2022-01-30T18:39:08","date_gmt":"2022-01-30T17:39:08","guid":{"rendered":"https:\/\/www.artsgraphiques.net\/produit\/poster-vieux-port-de-marseille-avec-yachts\/"},"modified":"2022-01-30T18:39:22","modified_gmt":"2022-01-30T17:39:22","slug":"poster-vieux-port-de-marseille-avec-yachts","status":"publish","type":"product","link":"https:\/\/www.artsgraphiques.net\/fr_fr\/produit\/poster-vieux-port-de-marseille-avec-yachts\/","title":{"rendered":"Poster Vieux-Port de Marseille avec Yachts"},"content":{"rendered":"<p>Marseille et son fameux Vieux-Port avec ses nombreux yachts. Ce poster est une merveille pour les passionn\u00e9s de la ville la plus ancienne de France. Il a \u00e9t\u00e9 con\u00e7u pour embellir la pi\u00e8ce o\u00f9 il est affich\u00e9. Mettez de l&rsquo;air marin dans votre foyer ! Commandez maintenant le poster du Vieux-Port de Marseille.<\/p>\n<p>Poster de qualit\u00e9 imprim\u00e9 sur un papier mat \u00e9pais et durable. Chaque poster est imprim\u00e9 en gicl\u00e9e sur un papier non-acide qui donne des impressions lumineuses pour \u00e9gayer n&rsquo;importe quelle pi\u00e8ce.<\/p>\n<p>\u2022 \u00c9paisseur du papier\u00a0: 10,3 mil<br \/>\n\u2022 Poids du papier\u00a0: 192\u00a0g\/m\u00b2 (5,6 oz\/y\u00b2)<br \/>\n\u2022 Qualit\u00e9 d\u2019impression gicl\u00e9e<br \/>\n\u2022 Opacit\u00e9\u00a0: 94\u00a0%<\/p>\n","protected":false},"excerpt":{"rendered":"<p>Marseille et son fameux Vieux-Port avec ses nombreux yachts. Ce&hellip;<\/p>\n<p> <a class=\"more-link\" href=\"https:\/\/www.artsgraphiques.net\/fr_fr\/produit\/poster-vieux-port-de-marseille-avec-yachts\/\">Lire la suite<\/a><\/p>\n","protected":false},"featured_media":11614,"comment_status":"open","ping_status":"closed","template":"","meta":[],"product_brand":[],"product_cat":[600],"product_tag":[],"class_list":{"0":"post-11611","1":"product","2":"type-product","3":"status-publish","4":"has-post-thumbnail","6":"product_cat-france","8":"first","9":"instock","10":"shipping-taxable","11":"purchasable","12":"product-type-variable"},"aioseo_notices":[],"_links":{"self":[{"href":"https:\/\/www.artsgraphiques.net\/fr_fr\/wp-json\/wp\/v2\/product\/11611","targetHints":{"allow":["GET"]}}],"collection":[{"href":"https:\/\/www.artsgraphiques.net\/fr_fr\/wp-json\/wp\/v2\/product"}],"about":[{"href":"https:\/\/www.artsgraphiques.net\/fr_fr\/wp-json\/wp\/v2\/types\/product"}],"replies":[{"embeddable":true,"href":"https:\/\/www.artsgraphiques.net\/fr_fr\/wp-json\/wp\/v2\/comments?post=11611"}],"wp:featuredmedia":[{"embeddable":true,"href":"https:\/\/www.artsgraphiques.net\/fr_fr\/wp-json\/wp\/v2\/media\/11614"}],"wp:attachment":[{"href":"https:\/\/www.artsgraphiques.net\/fr_fr\/wp-json\/wp\/v2\/media?parent=11611"}],"wp:term":[{"taxonomy":"product_brand","embeddable":true,"href":"https:\/\/www.artsgraphiques.net\/fr_fr\/wp-json\/wp\/v2\/product_brand?post=11611"},{"taxonomy":"product_cat","embeddable":true,"href":"https:\/\/www.artsgraphiques.net\/fr_fr\/wp-json\/wp\/v2\/product_cat?post=11611"},{"taxonomy":"product_tag","embeddable":true,"href":"https:\/\/www.artsgraphiques.net\/fr_fr\/wp-json\/wp\/v2\/product_tag?post=11611"}],"curies":[{"name":"wp","href":"https:\/\/api.w.org\/{rel}","templated":true}]}}